{"id":1008,"date":"2015-03-12T11:50:55","date_gmt":"2015-03-12T11:50:55","guid":{"rendered":"http:\/\/www.penzl.si\/wordpress\/?page_id=1008"},"modified":"2017-04-13T09:21:13","modified_gmt":"2017-04-13T09:21:13","slug":"o-podjetju","status":"publish","type":"page","link":"https:\/\/www.penzl.si\/wordpress\/o-podjetju\/","title":{"rendered":"O podjetju"},"content":{"rendered":"<p><div class=\"fusion-fullwidth fullwidth-box fusion-builder-row-1 nonhundred-percent-fullwidth non-hundred-percent-height-scrolling\" style=\"--awb-background-position:left top;--awb-border-color:#e5e4e4;--awb-border-radius-top-left:0px;--awb-border-radius-top-right:0px;--awb-border-radius-bottom-right:0px;--awb-border-radius-bottom-left:0px;--awb-padding-top:1px;--awb-padding-bottom:20px;--awb-background-color:#f6f6f6;--awb-border-sizes-top:1px;--awb-border-sizes-bottom:1px;--awb-flex-wrap:wrap;\" ><div class=\"fusion-builder-row fusion-row\"><div class=\"fusion-layout-column fusion_builder_column fusion-builder-column-0 fusion_builder_column_1_1 1_1 fusion-one-full fusion-column-first fusion-column-last fusion-column-no-min-height\" style=\"--awb-bg-size:cover;--awb-margin-bottom:0px;\"><div class=\"fusion-column-wrapper fusion-flex-column-wrapper-legacy\"><div class=\"fusion-text fusion-text-1\"><h1 style=\"text-align: center; font-size: 30px;\">Za vse informacije nas lahko pokli\u010dete na:\u00a0<span style=\"color: #1a80b6;\">+386 31 84 00 99<\/span><\/h1>\n<p style=\"text-align: center; margin-top: -10px; font-size: 17px;\">Penzl, Toma\u017e Bizjan s.p., Ulica bratov U\u010dakar 56, 1000 ljubljana, SI81209690, E-po\u0161ta: <a title=\"E-po\u0161ta\" href=\"mailto:info@penzl.si\">info@penzl.si<\/a><\/p>\n<\/div><div class=\"fusion-clearfix\"><\/div><\/div><\/div><\/div><\/div><div class=\"fusion-fullwidth fullwidth-box fusion-builder-row-2 nonhundred-percent-fullwidth non-hundred-percent-height-scrolling\" style=\"--awb-background-position:left top;--awb-border-radius-top-left:0px;--awb-border-radius-top-right:0px;--awb-border-radius-bottom-right:0px;--awb-border-radius-bottom-left:0px;--awb-padding-top:0px;--awb-padding-bottom:25px;--awb-border-sizes-top:0px;--awb-border-sizes-bottom:0px;--awb-flex-wrap:wrap;\" ><div class=\"fusion-builder-row fusion-row\"><div class=\"fusion-layout-column fusion_builder_column fusion-builder-column-1 fusion_builder_column_1_1 1_1 fusion-one-full fusion-column-first fusion-column-last fusion-column-no-min-height\" style=\"--awb-bg-size:cover;--awb-margin-bottom:0px;\"><div class=\"fusion-column-wrapper fusion-flex-column-wrapper-legacy\"><div class=\"fusion-text fusion-text-2\"><h1 style=\"color: #1a80b6; font-size: 30px !important; text-align: left;\">O\u00a0podjetju<\/h1>\n<\/div><div class=\"fusion-sep-clear\"><\/div><div class=\"fusion-separator fusion-full-width-sep\" style=\"margin-left: auto;margin-right: auto;margin-top:0px;margin-bottom:0px;width:100%;\"><div class=\"fusion-separator-border sep-single sep-solid\" style=\"--awb-height:20px;--awb-amount:20px;--awb-sep-color:#cdcdcd;border-color:#cdcdcd;border-top-width:1px;\"><\/div><\/div><div class=\"fusion-sep-clear\"><\/div><div class=\"fusion-clearfix\"><\/div><\/div><\/div><\/div><\/div><div class=\"fusion-fullwidth fullwidth-box fusion-builder-row-3 nonhundred-percent-fullwidth non-hundred-percent-height-scrolling\" style=\"--awb-background-position:left top;--awb-border-radius-top-left:0px;--awb-border-radius-top-right:0px;--awb-border-radius-bottom-right:0px;--awb-border-radius-bottom-left:0px;--awb-padding-top:20px;--awb-padding-bottom:20px;--awb-border-sizes-top:0px;--awb-border-sizes-bottom:0px;--awb-flex-wrap:wrap;\" ><div class=\"fusion-builder-row fusion-row\"><div class=\"fusion-layout-column fusion_builder_column fusion-builder-column-2 fusion_builder_column_1_2 1_2 fusion-one-half fusion-column-first\" style=\"--awb-bg-size:cover;width:48%; margin-right: 4%;\"><div class=\"fusion-column-wrapper fusion-flex-column-wrapper-legacy\"><div class=\"fusion-text fusion-text-3\"><p>Z slikopleskarsko dejavnostjo smo se za\u010deli ukvarjati leta 2008. Do danes\u00a0se je na\u0161a paleta storitev raz\u0161irila prakti\u010dno na vsa zaklju\u010dna gradbena dela. Z ve\u010dletnimi izku\u0161njami in pridobljenim znanjem, ter z usklajeno ekipo kooperantov, lahko danes prevzamemo dela na prakti\u010dno kateremkoli objektu.<\/p>\n<\/div><div class=\"fusion-clearfix\"><\/div><\/div><\/div><div class=\"fusion-layout-column fusion_builder_column fusion-builder-column-3 fusion_builder_column_1_2 1_2 fusion-one-half fusion-column-last\" style=\"--awb-bg-size:cover;width:48%;\"><div class=\"fusion-column-wrapper fusion-flex-column-wrapper-legacy\"><div class=\"fusion-text fusion-text-4\"><p><strong>Podatki o podjetju:<\/strong> <strong>Podjetje<\/strong>:\u00a0PENZL, slikopleskarstvo, Toma\u017e Bizjan s.p.<br \/>\n<strong>Skraj\u0161an naziv<\/strong>:\u00a0PENZL,Toma\u017e Bizjan s.p.<br \/>\n<strong>Sede\u017e podjetja<\/strong>: Ulica Bratov U\u010dakar 56, 1000 Ljubljana, Slovenija<br \/>\n<strong>Zavezanec za DDV<\/strong>:\u00a0DA<br \/>\n<strong>\u0160tevilka DDV<\/strong>: SI81209690<br \/>\n<strong>Mati\u010dna \u0161tevilka<\/strong>:\u00a03446590000<br \/>\n<strong>Poslovni ra\u010dun<\/strong>:<br \/>\nSI56 1010 0004 5919 213 \u00a0 BANKA KOPER d.d.<\/p>\n<p>Spletna stran: <strong>www.penzl.si<br \/>\n<\/strong>E-po\u0161ta: <strong>info@penzl.si<br \/>\n<\/strong>GSM: +<strong>\u00a0386\u00a031 84 00 99<\/strong><\/p>\n<\/div><div class=\"fusion-clearfix\"><\/div><\/div><\/div><\/div><\/div><\/p>\n","protected":false},"excerpt":{"rendered":"","protected":false},"author":1,"featured_media":0,"parent":0,"menu_order":0,"comment_status":"open","ping_status":"open","template":"100-width.php","meta":{"footnotes":""},"class_list":["post-1008","page","type-page","status-publish","hentry"],"yoast_head":"<!-- This site is optimized with the Yoast SEO plugin v27.4 - https:\/\/yoast.com\/product\/yoast-seo-wordpress\/ -->\n<title>O podjetju - penzl<\/title>\n<meta name=\"robots\" content=\"index, follow, max-snippet:-1, max-image-preview:large, max-video-preview:-1\" \/>\n<link rel=\"canonical\" href=\"https:\/\/www.penzl.si\/wordpress\/o-podjetju\/\" \/>\n<meta property=\"og:locale\" content=\"sl_SI\" \/>\n<meta property=\"og:type\" content=\"article\" \/>\n<meta property=\"og:title\" content=\"O podjetju - penzl\" \/>\n<meta property=\"og:url\" content=\"https:\/\/www.penzl.si\/wordpress\/o-podjetju\/\" \/>\n<meta property=\"og:site_name\" content=\"penzl\" \/>\n<meta property=\"article:modified_time\" content=\"2017-04-13T09:21:13+00:00\" \/>\n<meta name=\"twitter:label1\" content=\"Est. reading time\" \/>\n\t<meta name=\"twitter:data1\" content=\"3 minute\" \/>\n<script type=\"application\/ld+json\" class=\"yoast-schema-graph\">{\"@context\":\"https:\\\/\\\/schema.org\",\"@graph\":[{\"@type\":\"WebPage\",\"@id\":\"https:\\\/\\\/www.penzl.si\\\/wordpress\\\/o-podjetju\\\/\",\"url\":\"https:\\\/\\\/www.penzl.si\\\/wordpress\\\/o-podjetju\\\/\",\"name\":\"O podjetju - penzl\",\"isPartOf\":{\"@id\":\"https:\\\/\\\/www.penzl.si\\\/wordpress\\\/#website\"},\"datePublished\":\"2015-03-12T11:50:55+00:00\",\"dateModified\":\"2017-04-13T09:21:13+00:00\",\"breadcrumb\":{\"@id\":\"https:\\\/\\\/www.penzl.si\\\/wordpress\\\/o-podjetju\\\/#breadcrumb\"},\"inLanguage\":\"sl-SI\",\"potentialAction\":[{\"@type\":\"ReadAction\",\"target\":[\"https:\\\/\\\/www.penzl.si\\\/wordpress\\\/o-podjetju\\\/\"]}]},{\"@type\":\"BreadcrumbList\",\"@id\":\"https:\\\/\\\/www.penzl.si\\\/wordpress\\\/o-podjetju\\\/#breadcrumb\",\"itemListElement\":[{\"@type\":\"ListItem\",\"position\":1,\"name\":\"Home\",\"item\":\"https:\\\/\\\/www.penzl.si\\\/wordpress\\\/\"},{\"@type\":\"ListItem\",\"position\":2,\"name\":\"O podjetju\"}]},{\"@type\":\"WebSite\",\"@id\":\"https:\\\/\\\/www.penzl.si\\\/wordpress\\\/#website\",\"url\":\"https:\\\/\\\/www.penzl.si\\\/wordpress\\\/\",\"name\":\"penzl\",\"description\":\"My WordPress Blog\",\"potentialAction\":[{\"@type\":\"SearchAction\",\"target\":{\"@type\":\"EntryPoint\",\"urlTemplate\":\"https:\\\/\\\/www.penzl.si\\\/wordpress\\\/?s={search_term_string}\"},\"query-input\":{\"@type\":\"PropertyValueSpecification\",\"valueRequired\":true,\"valueName\":\"search_term_string\"}}],\"inLanguage\":\"sl-SI\"}]}<\/script>\n<!-- \/ Yoast SEO plugin. -->","yoast_head_json":{"title":"O podjetju - penzl","robots":{"index":"index","follow":"follow","max-snippet":"max-snippet:-1","max-image-preview":"max-image-preview:large","max-video-preview":"max-video-preview:-1"},"canonical":"https:\/\/www.penzl.si\/wordpress\/o-podjetju\/","og_locale":"sl_SI","og_type":"article","og_title":"O podjetju - penzl","og_url":"https:\/\/www.penzl.si\/wordpress\/o-podjetju\/","og_site_name":"penzl","article_modified_time":"2017-04-13T09:21:13+00:00","twitter_misc":{"Est. reading time":"3 minute"},"schema":{"@context":"https:\/\/schema.org","@graph":[{"@type":"WebPage","@id":"https:\/\/www.penzl.si\/wordpress\/o-podjetju\/","url":"https:\/\/www.penzl.si\/wordpress\/o-podjetju\/","name":"O podjetju - penzl","isPartOf":{"@id":"https:\/\/www.penzl.si\/wordpress\/#website"},"datePublished":"2015-03-12T11:50:55+00:00","dateModified":"2017-04-13T09:21:13+00:00","breadcrumb":{"@id":"https:\/\/www.penzl.si\/wordpress\/o-podjetju\/#breadcrumb"},"inLanguage":"sl-SI","potentialAction":[{"@type":"ReadAction","target":["https:\/\/www.penzl.si\/wordpress\/o-podjetju\/"]}]},{"@type":"BreadcrumbList","@id":"https:\/\/www.penzl.si\/wordpress\/o-podjetju\/#breadcrumb","itemListElement":[{"@type":"ListItem","position":1,"name":"Home","item":"https:\/\/www.penzl.si\/wordpress\/"},{"@type":"ListItem","position":2,"name":"O podjetju"}]},{"@type":"WebSite","@id":"https:\/\/www.penzl.si\/wordpress\/#website","url":"https:\/\/www.penzl.si\/wordpress\/","name":"penzl","description":"My WordPress Blog","potentialAction":[{"@type":"SearchAction","target":{"@type":"EntryPoint","urlTemplate":"https:\/\/www.penzl.si\/wordpress\/?s={search_term_string}"},"query-input":{"@type":"PropertyValueSpecification","valueRequired":true,"valueName":"search_term_string"}}],"inLanguage":"sl-SI"}]}},"_links":{"self":[{"href":"https:\/\/www.penzl.si\/wordpress\/wp-json\/wp\/v2\/pages\/1008","targetHints":{"allow":["GET"]}}],"collection":[{"href":"https:\/\/www.penzl.si\/wordpress\/wp-json\/wp\/v2\/pages"}],"about":[{"href":"https:\/\/www.penzl.si\/wordpress\/wp-json\/wp\/v2\/types\/page"}],"author":[{"embeddable":true,"href":"https:\/\/www.penzl.si\/wordpress\/wp-json\/wp\/v2\/users\/1"}],"replies":[{"embeddable":true,"href":"https:\/\/www.penzl.si\/wordpress\/wp-json\/wp\/v2\/comments?post=1008"}],"version-history":[{"count":5,"href":"https:\/\/www.penzl.si\/wordpress\/wp-json\/wp\/v2\/pages\/1008\/revisions"}],"predecessor-version":[{"id":2168,"href":"https:\/\/www.penzl.si\/wordpress\/wp-json\/wp\/v2\/pages\/1008\/revisions\/2168"}],"wp:attachment":[{"href":"https:\/\/www.penzl.si\/wordpress\/wp-json\/wp\/v2\/media?parent=1008"}],"curies":[{"name":"wp","href":"https:\/\/api.w.org\/{rel}","templated":true}]}}