{"id":1012,"date":"2015-03-12T11:54:27","date_gmt":"2015-03-12T11:54:27","guid":{"rendered":"http:\/\/www.penzl.si\/wordpress\/?page_id=1012"},"modified":"2017-03-15T09:36:16","modified_gmt":"2017-03-15T09:36:16","slug":"reference","status":"publish","type":"page","link":"https:\/\/www.penzl.si\/wordpress\/reference\/","title":{"rendered":"Reference"},"content":{"rendered":"<p><div class=\"fusion-fullwidth fullwidth-box fusion-builder-row-1 nonhundred-percent-fullwidth non-hundred-percent-height-scrolling\" style=\"--awb-background-position:left top;--awb-border-color:#e5e4e4;--awb-border-radius-top-left:0px;--awb-border-radius-top-right:0px;--awb-border-radius-bottom-right:0px;--awb-border-radius-bottom-left:0px;--awb-padding-top:1px;--awb-padding-bottom:20px;--awb-background-color:#f6f6f6;--awb-border-sizes-top:1px;--awb-border-sizes-bottom:1px;--awb-flex-wrap:wrap;\" ><div class=\"fusion-builder-row fusion-row\"><div class=\"fusion-layout-column fusion_builder_column fusion-builder-column-0 fusion_builder_column_1_1 1_1 fusion-one-full fusion-column-first fusion-column-last fusion-column-no-min-height\" style=\"--awb-bg-size:cover;--awb-margin-bottom:0px;\"><div class=\"fusion-column-wrapper fusion-flex-column-wrapper-legacy\"><div class=\"fusion-text fusion-text-1\"><h1 style=\"text-align: center; font-size: 30px;\">Za vse informacije nas lahko pokli\u010dete na:\u00a0<span style=\"color: #1a80b6;\">+386 31 84 00 99<\/span><\/h1>\n<p style=\"text-align: center; margin-top: -10px; font-size: 17px;\">Penzl, Toma\u017e Bizjan s.p., Ulica bratov U\u010dakar 56, 1000 ljubljana, SI81209690, E-po\u0161ta: <a title=\"E-po\u0161ta\" href=\"mailto:info@penzl.si\">info@penzl.si<\/a><\/p>\n<\/div><div class=\"fusion-clearfix\"><\/div><\/div><\/div><\/div><\/div><div class=\"fusion-fullwidth fullwidth-box fusion-builder-row-2 nonhundred-percent-fullwidth non-hundred-percent-height-scrolling\" style=\"--awb-background-position:left top;--awb-border-radius-top-left:0px;--awb-border-radius-top-right:0px;--awb-border-radius-bottom-right:0px;--awb-border-radius-bottom-left:0px;--awb-padding-top:0px;--awb-padding-bottom:25px;--awb-border-sizes-top:0px;--awb-border-sizes-bottom:0px;--awb-flex-wrap:wrap;\" ><div class=\"fusion-builder-row fusion-row\"><div class=\"fusion-layout-column fusion_builder_column fusion-builder-column-1 fusion_builder_column_1_1 1_1 fusion-one-full fusion-column-first fusion-column-last fusion-column-no-min-height\" style=\"--awb-bg-size:cover;--awb-margin-bottom:0px;\"><div class=\"fusion-column-wrapper fusion-flex-column-wrapper-legacy\"><div class=\"fusion-text fusion-text-2\"><h1 style=\"color: #1a80b6; font-size: 30px !important; text-align: left;\">Reference<\/h1>\n<\/div><div class=\"fusion-sep-clear\"><\/div><div class=\"fusion-separator fusion-full-width-sep\" style=\"margin-left: auto;margin-right: auto;margin-top:0px;margin-bottom:0px;width:100%;\"><div class=\"fusion-separator-border sep-single sep-solid\" style=\"--awb-height:20px;--awb-amount:20px;--awb-sep-color:#cdcdcd;border-color:#cdcdcd;border-top-width:1px;\"><\/div><\/div><div class=\"fusion-sep-clear\"><\/div><div class=\"fusion-clearfix\"><\/div><\/div><\/div><\/div><\/div><div class=\"fusion-fullwidth fullwidth-box fusion-builder-row-3 nonhundred-percent-fullwidth non-hundred-percent-height-scrolling\" style=\"--awb-background-position:left top;--awb-border-radius-top-left:0px;--awb-border-radius-top-right:0px;--awb-border-radius-bottom-right:0px;--awb-border-radius-bottom-left:0px;--awb-padding-top:20px;--awb-padding-bottom:20px;--awb-border-sizes-top:0px;--awb-border-sizes-bottom:0px;--awb-flex-wrap:wrap;\" ><div class=\"fusion-builder-row fusion-row\"><div class=\"fusion-layout-column fusion_builder_column fusion-builder-column-2 fusion_builder_column_1_1 1_1 fusion-one-full fusion-column-first fusion-column-last fusion-column-no-min-height\" style=\"--awb-bg-size:cover;--awb-margin-bottom:0px;\"><div class=\"fusion-column-wrapper fusion-flex-column-wrapper-legacy\"><div class=\"fusion-text fusion-text-3\"><p>Poleg na\u0161tetih podjetji smo razli\u010dna dela opravili za ve\u010d kot 100 strank na podro\u010dju Slovenije in Italije.<\/p>\n<\/div><div class=\"fusion-clearfix\"><\/div><\/div><\/div><div class=\"fusion-layout-column fusion_builder_column fusion-builder-column-3 fusion_builder_column_1_2 1_2 fusion-one-half fusion-column-first\" style=\"--awb-bg-size:cover;width:48%; margin-right: 4%;\"><div class=\"fusion-column-wrapper fusion-flex-column-wrapper-legacy\"><div class=\"fusion-text fusion-text-4\"><ul>\n<li>NIL d.o.o.<\/li>\n<li>VIP &#8211; VIRANT d.o.o.<\/li>\n<li>Basko Invest d.o.o.<\/li>\n<li>EKO SKLAD, j.s.<\/li>\n<li>Tehni\u0161ki muzej Slovenije<\/li>\n<li>AHA Midas d.o.o.<\/li>\n<li>Kazina d.o.o.<\/li>\n<li>OSA d.o.o.<\/li>\n<li>Egerija d.o.o.<\/li>\n<li>Kaktus Komunikacije d.o.o.<\/li>\n<li>Severni partner d.o.o.<\/li>\n<li>Sanktum d.o.o.<\/li>\n<li>PlanetBIO d.o.o.<\/li>\n<li>Linija Bonetti d.o.o.<\/li>\n<li>Tekta d.o.o.<\/li>\n<li>Kolman d.o.o.<\/li>\n<li>Notos d.o.o.<\/li>\n<li>GRAPIX d.o.o. Dom\u017eale<\/li>\n<li>M&amp;M Turist d.o.o.<\/li>\n<li>Luks Lab. d.o.o.<\/li>\n<li>DIA-108 d.o.o.<\/li>\n<li>Katin d.o.o.<\/li>\n<\/ul>\n<\/div><div class=\"fusion-clearfix\"><\/div><\/div><\/div><div class=\"fusion-layout-column fusion_builder_column fusion-builder-column-4 fusion_builder_column_1_2 1_2 fusion-one-half fusion-column-last\" style=\"--awb-bg-size:cover;width:48%;\"><div class=\"fusion-column-wrapper fusion-flex-column-wrapper-legacy\"><div class=\"fusion-text fusion-text-5\"><ul>\n<li>Odvetni\u0161ka pisarna Biber<\/li>\n<li>O3 ogla\u0161evanje d.o.o.<\/li>\n<li>INTERPART d.o.o.<\/li>\n<li>Hrva\u0161ka turisti\u010dna skupnost<\/li>\n<li>Interlingua Markap d.o.o.<\/li>\n<li>3M d.o.o.<\/li>\n<li>Nepremi\u010dnine Plus d.o.o.<\/li>\n<li>PRE\u017dA d.o.o.<\/li>\n<li>Dormaprojekt d.o.o.<\/li>\n<li>Hipokrat d.o.o.<\/li>\n<li>Proding d.o.o.<\/li>\n<li>Sensum d.o.o.<\/li>\n<li>iMold d.o.o.<\/li>\n<li>28 d.o.o.<\/li>\n<li>B2 d.o.o.<\/li>\n<li>\u0160port net d.o.o.<\/li>\n<li>Nacionalna agencija RS za\u00a0kakovost v visokem \u0161olstvu<\/li>\n<li>Urad RS za intelektualno lastnino<\/li>\n<li>EFCOM d.o.o.<\/li>\n<li>PAN d.o.o.<\/li>\n<li>Lamo d.o.o.<\/li>\n<\/ul>\n<\/div><div class=\"fusion-clearfix\"><\/div><\/div><\/div><\/div><\/div><\/p>\n","protected":false},"excerpt":{"rendered":"","protected":false},"author":1,"featured_media":0,"parent":0,"menu_order":0,"comment_status":"open","ping_status":"open","template":"100-width.php","meta":{"footnotes":""},"class_list":["post-1012","page","type-page","status-publish","hentry"],"yoast_head":"<!-- This site is optimized with the Yoast SEO plugin v27.4 - https:\/\/yoast.com\/product\/yoast-seo-wordpress\/ -->\n<title>Reference - penzl<\/title>\n<meta name=\"robots\" content=\"index, follow, max-snippet:-1, max-image-preview:large, max-video-preview:-1\" \/>\n<link rel=\"canonical\" href=\"https:\/\/www.penzl.si\/wordpress\/reference\/\" \/>\n<meta property=\"og:locale\" content=\"sl_SI\" \/>\n<meta property=\"og:type\" content=\"article\" \/>\n<meta property=\"og:title\" content=\"Reference - penzl\" \/>\n<meta property=\"og:url\" content=\"https:\/\/www.penzl.si\/wordpress\/reference\/\" \/>\n<meta property=\"og:site_name\" content=\"penzl\" \/>\n<meta property=\"article:modified_time\" content=\"2017-03-15T09:36:16+00:00\" \/>\n<meta name=\"twitter:label1\" content=\"Est. reading time\" \/>\n\t<meta name=\"twitter:data1\" content=\"4 minute\" \/>\n<script type=\"application\/ld+json\" class=\"yoast-schema-graph\">{\"@context\":\"https:\\\/\\\/schema.org\",\"@graph\":[{\"@type\":\"WebPage\",\"@id\":\"https:\\\/\\\/www.penzl.si\\\/wordpress\\\/reference\\\/\",\"url\":\"https:\\\/\\\/www.penzl.si\\\/wordpress\\\/reference\\\/\",\"name\":\"Reference - penzl\",\"isPartOf\":{\"@id\":\"https:\\\/\\\/www.penzl.si\\\/wordpress\\\/#website\"},\"datePublished\":\"2015-03-12T11:54:27+00:00\",\"dateModified\":\"2017-03-15T09:36:16+00:00\",\"breadcrumb\":{\"@id\":\"https:\\\/\\\/www.penzl.si\\\/wordpress\\\/reference\\\/#breadcrumb\"},\"inLanguage\":\"sl-SI\",\"potentialAction\":[{\"@type\":\"ReadAction\",\"target\":[\"https:\\\/\\\/www.penzl.si\\\/wordpress\\\/reference\\\/\"]}]},{\"@type\":\"BreadcrumbList\",\"@id\":\"https:\\\/\\\/www.penzl.si\\\/wordpress\\\/reference\\\/#breadcrumb\",\"itemListElement\":[{\"@type\":\"ListItem\",\"position\":1,\"name\":\"Home\",\"item\":\"https:\\\/\\\/www.penzl.si\\\/wordpress\\\/\"},{\"@type\":\"ListItem\",\"position\":2,\"name\":\"Reference\"}]},{\"@type\":\"WebSite\",\"@id\":\"https:\\\/\\\/www.penzl.si\\\/wordpress\\\/#website\",\"url\":\"https:\\\/\\\/www.penzl.si\\\/wordpress\\\/\",\"name\":\"penzl\",\"description\":\"My WordPress Blog\",\"potentialAction\":[{\"@type\":\"SearchAction\",\"target\":{\"@type\":\"EntryPoint\",\"urlTemplate\":\"https:\\\/\\\/www.penzl.si\\\/wordpress\\\/?s={search_term_string}\"},\"query-input\":{\"@type\":\"PropertyValueSpecification\",\"valueRequired\":true,\"valueName\":\"search_term_string\"}}],\"inLanguage\":\"sl-SI\"}]}<\/script>\n<!-- \/ Yoast SEO plugin. -->","yoast_head_json":{"title":"Reference - penzl","robots":{"index":"index","follow":"follow","max-snippet":"max-snippet:-1","max-image-preview":"max-image-preview:large","max-video-preview":"max-video-preview:-1"},"canonical":"https:\/\/www.penzl.si\/wordpress\/reference\/","og_locale":"sl_SI","og_type":"article","og_title":"Reference - penzl","og_url":"https:\/\/www.penzl.si\/wordpress\/reference\/","og_site_name":"penzl","article_modified_time":"2017-03-15T09:36:16+00:00","twitter_misc":{"Est. reading time":"4 minute"},"schema":{"@context":"https:\/\/schema.org","@graph":[{"@type":"WebPage","@id":"https:\/\/www.penzl.si\/wordpress\/reference\/","url":"https:\/\/www.penzl.si\/wordpress\/reference\/","name":"Reference - penzl","isPartOf":{"@id":"https:\/\/www.penzl.si\/wordpress\/#website"},"datePublished":"2015-03-12T11:54:27+00:00","dateModified":"2017-03-15T09:36:16+00:00","breadcrumb":{"@id":"https:\/\/www.penzl.si\/wordpress\/reference\/#breadcrumb"},"inLanguage":"sl-SI","potentialAction":[{"@type":"ReadAction","target":["https:\/\/www.penzl.si\/wordpress\/reference\/"]}]},{"@type":"BreadcrumbList","@id":"https:\/\/www.penzl.si\/wordpress\/reference\/#breadcrumb","itemListElement":[{"@type":"ListItem","position":1,"name":"Home","item":"https:\/\/www.penzl.si\/wordpress\/"},{"@type":"ListItem","position":2,"name":"Reference"}]},{"@type":"WebSite","@id":"https:\/\/www.penzl.si\/wordpress\/#website","url":"https:\/\/www.penzl.si\/wordpress\/","name":"penzl","description":"My WordPress Blog","potentialAction":[{"@type":"SearchAction","target":{"@type":"EntryPoint","urlTemplate":"https:\/\/www.penzl.si\/wordpress\/?s={search_term_string}"},"query-input":{"@type":"PropertyValueSpecification","valueRequired":true,"valueName":"search_term_string"}}],"inLanguage":"sl-SI"}]}},"_links":{"self":[{"href":"https:\/\/www.penzl.si\/wordpress\/wp-json\/wp\/v2\/pages\/1012","targetHints":{"allow":["GET"]}}],"collection":[{"href":"https:\/\/www.penzl.si\/wordpress\/wp-json\/wp\/v2\/pages"}],"about":[{"href":"https:\/\/www.penzl.si\/wordpress\/wp-json\/wp\/v2\/types\/page"}],"author":[{"embeddable":true,"href":"https:\/\/www.penzl.si\/wordpress\/wp-json\/wp\/v2\/users\/1"}],"replies":[{"embeddable":true,"href":"https:\/\/www.penzl.si\/wordpress\/wp-json\/wp\/v2\/comments?post=1012"}],"version-history":[{"count":5,"href":"https:\/\/www.penzl.si\/wordpress\/wp-json\/wp\/v2\/pages\/1012\/revisions"}],"predecessor-version":[{"id":2124,"href":"https:\/\/www.penzl.si\/wordpress\/wp-json\/wp\/v2\/pages\/1012\/revisions\/2124"}],"wp:attachment":[{"href":"https:\/\/www.penzl.si\/wordpress\/wp-json\/wp\/v2\/media?parent=1012"}],"curies":[{"name":"wp","href":"https:\/\/api.w.org\/{rel}","templated":true}]}}